{"id":149,"date":"2024-05-27T19:03:32","date_gmt":"2024-05-27T16:03:32","guid":{"rendered":"https:\/\/dentince.net\/de\/?page_id=149"},"modified":"2024-07-31T15:21:44","modified_gmt":"2024-07-31T12:21:44","slug":"unsere-dokumente","status":"publish","type":"page","link":"https:\/\/dentince.net\/de\/unsere-dokumente\/","title":{"rendered":"Unsere Dokumente"},"content":{"rendered":"\t\t<div data-elementor-type=\"wp-page\" data-elementor-id=\"149\" class=\"elementor elementor-149\" data-elementor-post-type=\"page\">\n\t\t\t\t<div class=\"elementor-element elementor-element-59cc52a e-flex e-con-boxed e-con e-parent\" data-id=\"59cc52a\" data-element_type=\"container\">\n\t\t\t\t\t<div class=\"e-con-inner\">\n\t\t\t\t<div class=\"elementor-element elementor-element-1fe0934 elementor-widget elementor-widget-premium-addon-title\" data-id=\"1fe0934\" data-element_type=\"widget\" data-settings=\"{&quot;shining_animation_duration&quot;:3.5}\" data-widget_type=\"premium-addon-title.default\">\n\t\t\t\t<div class=\"elementor-widget-container\">\n\t\t\t\t\t\n\t\t<div class=\"premium-title-container style8\">\n\t\t\t<h2 class=\"premium-title-header premium-title-style8 premium-con-lq__\">\n\t\t\t\t\n\t\t\t\t\n\t\t\t\t\t\t\t\t\t\t\t\t<span class=\"premium-title-text\" data-shiny-delay=\"2\" data-shiny-dur=\"3.5\">\n\t\t\t\t\tUnsere Dokumente\t\t\t\t<\/span>\n\t\t\t\t\t\n\t\t\t\t\t\t\t\t\n\t\t\t\t\t\t\t<\/h2>\n\n\t\t<\/div>\n\n\t\t\t\t\t\t<\/div>\n\t\t\t\t<\/div>\n\t\t\t\t\t<\/div>\n\t\t\t\t<\/div>\n\t\t<div class=\"elementor-element elementor-element-c4a8ded e-flex e-con-boxed e-con e-parent\" data-id=\"c4a8ded\" data-element_type=\"container\">\n\t\t\t\t\t<div class=\"e-con-inner\">\n\t\t<div class=\"elementor-element elementor-element-78509a0 e-con-full e-flex e-con e-child\" data-id=\"78509a0\" data-element_type=\"container\">\n\t\t\t\t<div class=\"elementor-element elementor-element-56b85f3 elementor-widget elementor-widget-image\" data-id=\"56b85f3\" data-element_type=\"widget\" data-widget_type=\"image.default\">\n\t\t\t\t<div class=\"elementor-widget-container\">\n\t\t\t\t\t\t\t\t\t\t\t\t\t\t\t\t<a href=\"https:\/\/dentince.net\/de\/wp-content\/uploads\/2024\/07\/SAGLIKTURIZMIYETKIBELGESI.jpeg\" data-elementor-open-lightbox=\"yes\" data-elementor-lightbox-title=\"SA\u011eLIKTUR\u0130ZM\u0130YETK\u0130BELGES\u0130\" data-e-action-hash=\"#elementor-action%3Aaction%3Dlightbox%26settings%3DeyJpZCI6MjY4NywidXJsIjoiaHR0cHM6XC9cL2RlbnRpbmNlLm5ldFwvZGVcL3dwLWNvbnRlbnRcL3VwbG9hZHNcLzIwMjRcLzA3XC9TQUdMSUtUVVJJWk1JWUVUS0lCRUxHRVNJLmpwZWcifQ%3D%3D\">\n\t\t\t\t\t\t\t<img fetchpriority=\"high\" decoding=\"async\" width=\"1024\" height=\"708\" src=\"https:\/\/dentince.net\/de\/wp-content\/uploads\/2024\/07\/SAGLIKTURIZMIYETKIBELGESI.jpeg\" class=\"attachment-full size-full wp-image-2687\" alt=\"\" srcset=\"https:\/\/dentince.net\/de\/wp-content\/uploads\/2024\/07\/SAGLIKTURIZMIYETKIBELGESI.jpeg 1024w, https:\/\/dentince.net\/de\/wp-content\/uploads\/2024\/07\/SAGLIKTURIZMIYETKIBELGESI-300x207.jpeg 300w, https:\/\/dentince.net\/de\/wp-content\/uploads\/2024\/07\/SAGLIKTURIZMIYETKIBELGESI-768x531.jpeg 768w\" sizes=\"(max-width: 1024px) 100vw, 1024px\" \/>\t\t\t\t\t\t\t\t<\/a>\n\t\t\t\t\t\t\t\t\t\t\t\t\t\t\t<\/div>\n\t\t\t\t<\/div>\n\t\t\t\t<\/div>\n\t\t<div class=\"elementor-element elementor-element-4220e65 e-con-full e-flex e-con e-child\" data-id=\"4220e65\" data-element_type=\"container\">\n\t\t\t\t<div class=\"elementor-element elementor-element-9be7496 elementor-widget elementor-widget-image\" data-id=\"9be7496\" data-element_type=\"widget\" data-widget_type=\"image.default\">\n\t\t\t\t<div class=\"elementor-widget-container\">\n\t\t\t\t\t\t\t\t\t\t\t\t\t\t\t\t<a href=\"https:\/\/dentince.net\/de\/wp-content\/uploads\/2024\/07\/ISO-BELGELERI_Page_3.jpg\" data-elementor-open-lightbox=\"yes\" data-elementor-lightbox-title=\"ISO BELGELER\u0130_Page_3\" data-e-action-hash=\"#elementor-action%3Aaction%3Dlightbox%26settings%3DeyJpZCI6MjY5MCwidXJsIjoiaHR0cHM6XC9cL2RlbnRpbmNlLm5ldFwvZGVcL3dwLWNvbnRlbnRcL3VwbG9hZHNcLzIwMjRcLzA3XC9JU08tQkVMR0VMRVJJX1BhZ2VfMy5qcGcifQ%3D%3D\">\n\t\t\t\t\t\t\t<img decoding=\"async\" width=\"1653\" height=\"2338\" src=\"https:\/\/dentince.net\/de\/wp-content\/uploads\/2024\/07\/ISO-BELGELERI_Page_3.jpg\" class=\"attachment-full size-full wp-image-2690\" alt=\"\" srcset=\"https:\/\/dentince.net\/de\/wp-content\/uploads\/2024\/07\/ISO-BELGELERI_Page_3.jpg 1653w, https:\/\/dentince.net\/de\/wp-content\/uploads\/2024\/07\/ISO-BELGELERI_Page_3-212x300.jpg 212w, https:\/\/dentince.net\/de\/wp-content\/uploads\/2024\/07\/ISO-BELGELERI_Page_3-724x1024.jpg 724w, https:\/\/dentince.net\/de\/wp-content\/uploads\/2024\/07\/ISO-BELGELERI_Page_3-768x1086.jpg 768w, https:\/\/dentince.net\/de\/wp-content\/uploads\/2024\/07\/ISO-BELGELERI_Page_3-1086x1536.jpg 1086w, https:\/\/dentince.net\/de\/wp-content\/uploads\/2024\/07\/ISO-BELGELERI_Page_3-1448x2048.jpg 1448w\" sizes=\"(max-width: 1653px) 100vw, 1653px\" \/>\t\t\t\t\t\t\t\t<\/a>\n\t\t\t\t\t\t\t\t\t\t\t\t\t\t\t<\/div>\n\t\t\t\t<\/div>\n\t\t\t\t<\/div>\n\t\t<div class=\"elementor-element elementor-element-cf878c8 e-con-full e-flex e-con e-child\" data-id=\"cf878c8\" data-element_type=\"container\">\n\t\t\t\t<div class=\"elementor-element elementor-element-5467e9e elementor-widget elementor-widget-image\" data-id=\"5467e9e\" data-element_type=\"widget\" data-widget_type=\"image.default\">\n\t\t\t\t<div class=\"elementor-widget-container\">\n\t\t\t\t\t\t\t\t\t\t\t\t\t\t\t\t<a href=\"https:\/\/dentince.net\/de\/wp-content\/uploads\/2024\/07\/ISO-BELGELERI_Page_2.jpg\" data-elementor-open-lightbox=\"yes\" data-elementor-lightbox-title=\"ISO BELGELER\u0130_Page_2\" data-e-action-hash=\"#elementor-action%3Aaction%3Dlightbox%26settings%3DeyJpZCI6MjY5MiwidXJsIjoiaHR0cHM6XC9cL2RlbnRpbmNlLm5ldFwvZGVcL3dwLWNvbnRlbnRcL3VwbG9hZHNcLzIwMjRcLzA3XC9JU08tQkVMR0VMRVJJX1BhZ2VfMi5qcGcifQ%3D%3D\">\n\t\t\t\t\t\t\t<img decoding=\"async\" width=\"1653\" height=\"2338\" src=\"https:\/\/dentince.net\/de\/wp-content\/uploads\/2024\/07\/ISO-BELGELERI_Page_2.jpg\" class=\"attachment-full size-full wp-image-2692\" alt=\"\" srcset=\"https:\/\/dentince.net\/de\/wp-content\/uploads\/2024\/07\/ISO-BELGELERI_Page_2.jpg 1653w, https:\/\/dentince.net\/de\/wp-content\/uploads\/2024\/07\/ISO-BELGELERI_Page_2-212x300.jpg 212w, https:\/\/dentince.net\/de\/wp-content\/uploads\/2024\/07\/ISO-BELGELERI_Page_2-724x1024.jpg 724w, https:\/\/dentince.net\/de\/wp-content\/uploads\/2024\/07\/ISO-BELGELERI_Page_2-768x1086.jpg 768w, https:\/\/dentince.net\/de\/wp-content\/uploads\/2024\/07\/ISO-BELGELERI_Page_2-1086x1536.jpg 1086w, https:\/\/dentince.net\/de\/wp-content\/uploads\/2024\/07\/ISO-BELGELERI_Page_2-1448x2048.jpg 1448w\" sizes=\"(max-width: 1653px) 100vw, 1653px\" \/>\t\t\t\t\t\t\t\t<\/a>\n\t\t\t\t\t\t\t\t\t\t\t\t\t\t\t<\/div>\n\t\t\t\t<\/div>\n\t\t\t\t<\/div>\n\t\t<div class=\"elementor-element elementor-element-e010dbf e-con-full e-flex e-con e-child\" data-id=\"e010dbf\" data-element_type=\"container\">\n\t\t\t\t<div class=\"elementor-element elementor-element-bc58988 elementor-widget elementor-widget-image\" data-id=\"bc58988\" data-element_type=\"widget\" data-widget_type=\"image.default\">\n\t\t\t\t<div class=\"elementor-widget-container\">\n\t\t\t\t\t\t\t\t\t\t\t\t\t\t\t\t<a href=\"https:\/\/dentince.net\/de\/wp-content\/uploads\/2024\/07\/ISO-BELGELERI_Page_3.jpg\" data-elementor-open-lightbox=\"yes\" data-elementor-lightbox-title=\"ISO BELGELER\u0130_Page_3\" data-e-action-hash=\"#elementor-action%3Aaction%3Dlightbox%26settings%3DeyJpZCI6MjY5MCwidXJsIjoiaHR0cHM6XC9cL2RlbnRpbmNlLm5ldFwvZGVcL3dwLWNvbnRlbnRcL3VwbG9hZHNcLzIwMjRcLzA3XC9JU08tQkVMR0VMRVJJX1BhZ2VfMy5qcGcifQ%3D%3D\">\n\t\t\t\t\t\t\t<img decoding=\"async\" width=\"1653\" height=\"2338\" src=\"https:\/\/dentince.net\/de\/wp-content\/uploads\/2024\/07\/ISO-BELGELERI_Page_3.jpg\" class=\"attachment-full size-full wp-image-2690\" alt=\"\" srcset=\"https:\/\/dentince.net\/de\/wp-content\/uploads\/2024\/07\/ISO-BELGELERI_Page_3.jpg 1653w, https:\/\/dentince.net\/de\/wp-content\/uploads\/2024\/07\/ISO-BELGELERI_Page_3-212x300.jpg 212w, https:\/\/dentince.net\/de\/wp-content\/uploads\/2024\/07\/ISO-BELGELERI_Page_3-724x1024.jpg 724w, https:\/\/dentince.net\/de\/wp-content\/uploads\/2024\/07\/ISO-BELGELERI_Page_3-768x1086.jpg 768w, https:\/\/dentince.net\/de\/wp-content\/uploads\/2024\/07\/ISO-BELGELERI_Page_3-1086x1536.jpg 1086w, https:\/\/dentince.net\/de\/wp-content\/uploads\/2024\/07\/ISO-BELGELERI_Page_3-1448x2048.jpg 1448w\" sizes=\"(max-width: 1653px) 100vw, 1653px\" \/>\t\t\t\t\t\t\t\t<\/a>\n\t\t\t\t\t\t\t\t\t\t\t\t\t\t\t<\/div>\n\t\t\t\t<\/div>\n\t\t\t\t<\/div>\n\t\t<div class=\"elementor-element elementor-element-45cdfa6 e-con-full e-flex e-con e-child\" data-id=\"45cdfa6\" data-element_type=\"container\">\n\t\t\t\t<div class=\"elementor-element elementor-element-129fd81 elementor-widget elementor-widget-image\" data-id=\"129fd81\" data-element_type=\"widget\" data-widget_type=\"image.default\">\n\t\t\t\t<div class=\"elementor-widget-container\">\n\t\t\t\t\t\t\t\t\t\t\t\t\t\t\t\t<a href=\"https:\/\/dentince.net\/de\/wp-content\/uploads\/2024\/07\/ISO-BELGELERI_Page_4.jpg\" data-elementor-open-lightbox=\"yes\" data-elementor-lightbox-title=\"ISO BELGELER\u0130_Page_4\" data-e-action-hash=\"#elementor-action%3Aaction%3Dlightbox%26settings%3DeyJpZCI6MjY4OSwidXJsIjoiaHR0cHM6XC9cL2RlbnRpbmNlLm5ldFwvZGVcL3dwLWNvbnRlbnRcL3VwbG9hZHNcLzIwMjRcLzA3XC9JU08tQkVMR0VMRVJJX1BhZ2VfNC5qcGcifQ%3D%3D\">\n\t\t\t\t\t\t\t<img loading=\"lazy\" decoding=\"async\" width=\"1653\" height=\"2338\" src=\"https:\/\/dentince.net\/de\/wp-content\/uploads\/2024\/07\/ISO-BELGELERI_Page_4.jpg\" class=\"attachment-full size-full wp-image-2689\" alt=\"\" srcset=\"https:\/\/dentince.net\/de\/wp-content\/uploads\/2024\/07\/ISO-BELGELERI_Page_4.jpg 1653w, https:\/\/dentince.net\/de\/wp-content\/uploads\/2024\/07\/ISO-BELGELERI_Page_4-212x300.jpg 212w, https:\/\/dentince.net\/de\/wp-content\/uploads\/2024\/07\/ISO-BELGELERI_Page_4-724x1024.jpg 724w, https:\/\/dentince.net\/de\/wp-content\/uploads\/2024\/07\/ISO-BELGELERI_Page_4-768x1086.jpg 768w, https:\/\/dentince.net\/de\/wp-content\/uploads\/2024\/07\/ISO-BELGELERI_Page_4-1086x1536.jpg 1086w, https:\/\/dentince.net\/de\/wp-content\/uploads\/2024\/07\/ISO-BELGELERI_Page_4-1448x2048.jpg 1448w\" sizes=\"(max-width: 1653px) 100vw, 1653px\" \/>\t\t\t\t\t\t\t\t<\/a>\n\t\t\t\t\t\t\t\t\t\t\t\t\t\t\t<\/div>\n\t\t\t\t<\/div>\n\t\t\t\t<\/div>\n\t\t<div class=\"elementor-element elementor-element-6b2095e e-con-full e-flex e-con e-child\" data-id=\"6b2095e\" data-element_type=\"container\">\n\t\t\t\t<\/div>\n\t\t\t\t\t<\/div>\n\t\t\t\t<\/div>\n\t\t\t\t<\/div>\n\t\t","protected":false},"excerpt":{"rendered":"<p>Unsere Dokumente<\/p>\n","protected":false},"author":3,"featured_media":1129,"parent":0,"menu_order":0,"comment_status":"closed","ping_status":"closed","template":"","meta":{"footnotes":""},"class_list":["post-149","page","type-page","status-publish","has-post-thumbnail","hentry"],"yoast_head":"<!-- This site is optimized with the Yoast SEO plugin v23.3 - https:\/\/yoast.com\/wordpress\/plugins\/seo\/ -->\n<title>Unsere Dokumente - Dentince Zahnklinik Istanbul T\u00fcrkei<\/title>\n<meta name=\"robots\" content=\"index, follow, max-snippet:-1, max-image-preview:large, max-video-preview:-1\" \/>\n<link rel=\"canonical\" href=\"https:\/\/dentince.net\/de\/unsere-dokumente\/\" \/>\n<meta property=\"og:locale\" content=\"de_DE\" \/>\n<meta property=\"og:type\" content=\"article\" \/>\n<meta property=\"og:title\" content=\"Unsere Dokumente - Dentince Zahnklinik Istanbul T\u00fcrkei\" \/>\n<meta property=\"og:description\" content=\"Unsere Dokumente\" \/>\n<meta property=\"og:url\" content=\"https:\/\/dentince.net\/de\/unsere-dokumente\/\" \/>\n<meta property=\"og:site_name\" content=\"Dentince Zahnklinik Istanbul T\u00fcrkei\" \/>\n<meta property=\"article:modified_time\" content=\"2024-07-31T12:21:44+00:00\" \/>\n<meta property=\"og:image\" content=\"https:\/\/dentince.net\/de\/wp-content\/uploads\/2024\/07\/Dentince-Dental-Clinic-istanbul-23.jpg\" \/>\n\t<meta property=\"og:image:width\" content=\"1920\" \/>\n\t<meta property=\"og:image:height\" content=\"945\" \/>\n\t<meta property=\"og:image:type\" content=\"image\/jpeg\" \/>\n<meta name=\"twitter:card\" content=\"summary_large_image\" \/>\n<script type=\"application\/ld+json\" class=\"yoast-schema-graph\">{\"@context\":\"https:\/\/schema.org\",\"@graph\":[{\"@type\":\"WebPage\",\"@id\":\"https:\/\/dentince.net\/de\/unsere-dokumente\/\",\"url\":\"https:\/\/dentince.net\/de\/unsere-dokumente\/\",\"name\":\"Unsere Dokumente - Dentince Zahnklinik Istanbul T\u00fcrkei\",\"isPartOf\":{\"@id\":\"https:\/\/dentince.net\/de\/#website\"},\"primaryImageOfPage\":{\"@id\":\"https:\/\/dentince.net\/de\/unsere-dokumente\/#primaryimage\"},\"image\":{\"@id\":\"https:\/\/dentince.net\/de\/unsere-dokumente\/#primaryimage\"},\"thumbnailUrl\":\"https:\/\/dentince.net\/de\/wp-content\/uploads\/2024\/07\/Dentince-Dental-Clinic-istanbul-23.jpg\",\"datePublished\":\"2024-05-27T16:03:32+00:00\",\"dateModified\":\"2024-07-31T12:21:44+00:00\",\"breadcrumb\":{\"@id\":\"https:\/\/dentince.net\/de\/unsere-dokumente\/#breadcrumb\"},\"inLanguage\":\"de\",\"potentialAction\":[{\"@type\":\"ReadAction\",\"target\":[\"https:\/\/dentince.net\/de\/unsere-dokumente\/\"]}]},{\"@type\":\"ImageObject\",\"inLanguage\":\"de\",\"@id\":\"https:\/\/dentince.net\/de\/unsere-dokumente\/#primaryimage\",\"url\":\"https:\/\/dentince.net\/de\/wp-content\/uploads\/2024\/07\/Dentince-Dental-Clinic-istanbul-23.jpg\",\"contentUrl\":\"https:\/\/dentince.net\/de\/wp-content\/uploads\/2024\/07\/Dentince-Dental-Clinic-istanbul-23.jpg\",\"width\":1920,\"height\":945},{\"@type\":\"BreadcrumbList\",\"@id\":\"https:\/\/dentince.net\/de\/unsere-dokumente\/#breadcrumb\",\"itemListElement\":[{\"@type\":\"ListItem\",\"position\":1,\"name\":\"Home\",\"item\":\"https:\/\/dentince.net\/de\/\"},{\"@type\":\"ListItem\",\"position\":2,\"name\":\"Unsere Dokumente\"}]},{\"@type\":\"WebSite\",\"@id\":\"https:\/\/dentince.net\/de\/#website\",\"url\":\"https:\/\/dentince.net\/de\/\",\"name\":\"Dentince Zahnklinik Istanbul T\u00fcrkei\",\"description\":\"\",\"publisher\":{\"@id\":\"https:\/\/dentince.net\/de\/#organization\"},\"potentialAction\":[{\"@type\":\"SearchAction\",\"target\":{\"@type\":\"EntryPoint\",\"urlTemplate\":\"https:\/\/dentince.net\/de\/?s={search_term_string}\"},\"query-input\":\"required name=search_term_string\"}],\"inLanguage\":\"de\"},{\"@type\":\"Organization\",\"@id\":\"https:\/\/dentince.net\/de\/#organization\",\"name\":\"Dentince Zahnklinik Istanbul T\u00fcrkei\",\"url\":\"https:\/\/dentince.net\/de\/\",\"logo\":{\"@type\":\"ImageObject\",\"inLanguage\":\"de\",\"@id\":\"https:\/\/dentince.net\/de\/#\/schema\/logo\/image\/\",\"url\":\"https:\/\/dentince.net\/de\/wp-content\/uploads\/2024\/04\/dentince-logo.png\",\"contentUrl\":\"https:\/\/dentince.net\/de\/wp-content\/uploads\/2024\/04\/dentince-logo.png\",\"width\":1179,\"height\":375,\"caption\":\"Dentince Zahnklinik Istanbul T\u00fcrkei\"},\"image\":{\"@id\":\"https:\/\/dentince.net\/de\/#\/schema\/logo\/image\/\"}}]}<\/script>\n<!-- \/ Yoast SEO plugin. -->","yoast_head_json":{"title":"Unsere Dokumente - Dentince Zahnklinik Istanbul T\u00fcrkei","robots":{"index":"index","follow":"follow","max-snippet":"max-snippet:-1","max-image-preview":"max-image-preview:large","max-video-preview":"max-video-preview:-1"},"canonical":"https:\/\/dentince.net\/de\/unsere-dokumente\/","og_locale":"de_DE","og_type":"article","og_title":"Unsere Dokumente - Dentince Zahnklinik Istanbul T\u00fcrkei","og_description":"Unsere Dokumente","og_url":"https:\/\/dentince.net\/de\/unsere-dokumente\/","og_site_name":"Dentince Zahnklinik Istanbul T\u00fcrkei","article_modified_time":"2024-07-31T12:21:44+00:00","og_image":[{"width":1920,"height":945,"url":"https:\/\/dentince.net\/de\/wp-content\/uploads\/2024\/07\/Dentince-Dental-Clinic-istanbul-23.jpg","type":"image\/jpeg"}],"twitter_card":"summary_large_image","schema":{"@context":"https:\/\/schema.org","@graph":[{"@type":"WebPage","@id":"https:\/\/dentince.net\/de\/unsere-dokumente\/","url":"https:\/\/dentince.net\/de\/unsere-dokumente\/","name":"Unsere Dokumente - Dentince Zahnklinik Istanbul T\u00fcrkei","isPartOf":{"@id":"https:\/\/dentince.net\/de\/#website"},"primaryImageOfPage":{"@id":"https:\/\/dentince.net\/de\/unsere-dokumente\/#primaryimage"},"image":{"@id":"https:\/\/dentince.net\/de\/unsere-dokumente\/#primaryimage"},"thumbnailUrl":"https:\/\/dentince.net\/de\/wp-content\/uploads\/2024\/07\/Dentince-Dental-Clinic-istanbul-23.jpg","datePublished":"2024-05-27T16:03:32+00:00","dateModified":"2024-07-31T12:21:44+00:00","breadcrumb":{"@id":"https:\/\/dentince.net\/de\/unsere-dokumente\/#breadcrumb"},"inLanguage":"de","potentialAction":[{"@type":"ReadAction","target":["https:\/\/dentince.net\/de\/unsere-dokumente\/"]}]},{"@type":"ImageObject","inLanguage":"de","@id":"https:\/\/dentince.net\/de\/unsere-dokumente\/#primaryimage","url":"https:\/\/dentince.net\/de\/wp-content\/uploads\/2024\/07\/Dentince-Dental-Clinic-istanbul-23.jpg","contentUrl":"https:\/\/dentince.net\/de\/wp-content\/uploads\/2024\/07\/Dentince-Dental-Clinic-istanbul-23.jpg","width":1920,"height":945},{"@type":"BreadcrumbList","@id":"https:\/\/dentince.net\/de\/unsere-dokumente\/#breadcrumb","itemListElement":[{"@type":"ListItem","position":1,"name":"Home","item":"https:\/\/dentince.net\/de\/"},{"@type":"ListItem","position":2,"name":"Unsere Dokumente"}]},{"@type":"WebSite","@id":"https:\/\/dentince.net\/de\/#website","url":"https:\/\/dentince.net\/de\/","name":"Dentince Zahnklinik Istanbul T\u00fcrkei","description":"","publisher":{"@id":"https:\/\/dentince.net\/de\/#organization"},"potentialAction":[{"@type":"SearchAction","target":{"@type":"EntryPoint","urlTemplate":"https:\/\/dentince.net\/de\/?s={search_term_string}"},"query-input":"required name=search_term_string"}],"inLanguage":"de"},{"@type":"Organization","@id":"https:\/\/dentince.net\/de\/#organization","name":"Dentince Zahnklinik Istanbul T\u00fcrkei","url":"https:\/\/dentince.net\/de\/","logo":{"@type":"ImageObject","inLanguage":"de","@id":"https:\/\/dentince.net\/de\/#\/schema\/logo\/image\/","url":"https:\/\/dentince.net\/de\/wp-content\/uploads\/2024\/04\/dentince-logo.png","contentUrl":"https:\/\/dentince.net\/de\/wp-content\/uploads\/2024\/04\/dentince-logo.png","width":1179,"height":375,"caption":"Dentince Zahnklinik Istanbul T\u00fcrkei"},"image":{"@id":"https:\/\/dentince.net\/de\/#\/schema\/logo\/image\/"}}]}},"_links":{"self":[{"href":"https:\/\/dentince.net\/de\/wp-json\/wp\/v2\/pages\/149","targetHints":{"allow":["GET"]}}],"collection":[{"href":"https:\/\/dentince.net\/de\/wp-json\/wp\/v2\/pages"}],"about":[{"href":"https:\/\/dentince.net\/de\/wp-json\/wp\/v2\/types\/page"}],"author":[{"embeddable":true,"href":"https:\/\/dentince.net\/de\/wp-json\/wp\/v2\/users\/3"}],"replies":[{"embeddable":true,"href":"https:\/\/dentince.net\/de\/wp-json\/wp\/v2\/comments?post=149"}],"version-history":[{"count":23,"href":"https:\/\/dentince.net\/de\/wp-json\/wp\/v2\/pages\/149\/revisions"}],"predecessor-version":[{"id":3315,"href":"https:\/\/dentince.net\/de\/wp-json\/wp\/v2\/pages\/149\/revisions\/3315"}],"wp:featuredmedia":[{"embeddable":true,"href":"https:\/\/dentince.net\/de\/wp-json\/wp\/v2\/media\/1129"}],"wp:attachment":[{"href":"https:\/\/dentince.net\/de\/wp-json\/wp\/v2\/media?parent=149"}],"curies":[{"name":"wp","href":"https:\/\/api.w.org\/{rel}","templated":true}]}}