{"id":124,"date":"2024-05-27T18:54:37","date_gmt":"2024-05-27T15:54:37","guid":{"rendered":"https:\/\/dentince.net\/de\/?page_id=124"},"modified":"2025-01-27T21:06:06","modified_gmt":"2025-01-27T18:06:06","slug":"unsere-arzte","status":"publish","type":"page","link":"https:\/\/dentince.net\/de\/unsere-arzte\/","title":{"rendered":"Unsere \u00c4rzte"},"content":{"rendered":"\t\t<div data-elementor-type=\"wp-page\" data-elementor-id=\"124\" class=\"elementor elementor-124\" data-elementor-post-type=\"page\">\n\t\t\t\t<div class=\"elementor-element elementor-element-cc8365c e-flex e-con-boxed e-con e-parent\" data-id=\"cc8365c\" data-element_type=\"container\">\n\t\t\t\t\t<div class=\"e-con-inner\">\n\t\t\t\t<div class=\"elementor-element elementor-element-e4771ec elementor-widget elementor-widget-spacer\" data-id=\"e4771ec\" data-element_type=\"widget\" data-widget_type=\"spacer.default\">\n\t\t\t\t<div class=\"elementor-widget-container\">\n\t\t\t\t\t\t\t<div class=\"elementor-spacer\">\n\t\t\t<div class=\"elementor-spacer-inner\"><\/div>\n\t\t<\/div>\n\t\t\t\t\t\t<\/div>\n\t\t\t\t<\/div>\n\t\t\t\t<div class=\"elementor-element elementor-element-a3fc6c1 elementor-widget elementor-widget-premium-addon-title\" data-id=\"a3fc6c1\" data-element_type=\"widget\" data-settings=\"{&quot;shining_animation_duration&quot;:3.5}\" data-widget_type=\"premium-addon-title.default\">\n\t\t\t\t<div class=\"elementor-widget-container\">\n\t\t\t\t\t\n\t\t<div class=\"premium-title-container style8\">\n\t\t\t<h1 class=\"premium-title-header premium-title-style8 premium-con-lq__\">\n\t\t\t\t\n\t\t\t\t\n\t\t\t\t\t\t\t\t\t\t\t\t<span class=\"premium-title-text\" data-shiny-delay=\"2\" data-shiny-dur=\"3.5\">\n\t\t\t\t\tUnsere \u00c4rzte\t\t\t\t<\/span>\n\t\t\t\t\t\n\t\t\t\t\t\t\t\t\n\t\t\t\t\t\t\t<\/h1>\n\n\t\t<\/div>\n\n\t\t\t\t\t\t<\/div>\n\t\t\t\t<\/div>\n\t\t\t\t\t<\/div>\n\t\t\t\t<\/div>\n\t\t<div class=\"elementor-element elementor-element-0d25e2e e-flex e-con-boxed e-con e-parent\" data-id=\"0d25e2e\" data-element_type=\"container\">\n\t\t\t\t\t<div class=\"e-con-inner\">\n\t\t\t\t<div class=\"elementor-element elementor-element-cfbcc91 premium-blog-align-left elementor-widget elementor-widget-premium-addon-blog\" data-id=\"cfbcc91\" data-element_type=\"widget\" data-settings=\"{&quot;force_height&quot;:&quot;true&quot;,&quot;premium_blog_columns_number&quot;:&quot;33.33%&quot;,&quot;premium_blog_grid&quot;:&quot;yes&quot;,&quot;premium_blog_layout&quot;:&quot;even&quot;,&quot;premium_blog_columns_number_tablet&quot;:&quot;50%&quot;,&quot;premium_blog_columns_number_mobile&quot;:&quot;100%&quot;}\" data-widget_type=\"premium-addon-blog.default\">\n\t\t\t\t<div class=\"elementor-widget-container\">\n\t\t\t\t\t\n\t\t\n\n\t\t\t\t<div class=\"premium-blog-wrap  premium-blog-even\" data-page=\"124\">\n\t\t\t\t\t\t\t\t\t<div class=\"premium-blog-post-outer-container\" data-total=\"1\">\n\t\t\t<div class=\"premium-blog-post-container premium-blog-skin-modern\">\n\t\t\t\t\t\t\t\t\t<div class=\"premium-blog-thumb-effect-wrapper\">\n\t\t\t\t\t\t<div class=\"premium-blog-thumbnail-container premium-blog-zoomin-effect\">\n\t\t\t\t\t\t\t\t\t\t\t<a href=\"https:\/\/dentince.net\/de\/msc-dt-deniz-ince\/\" target=\"_self\">\n\t\t\t\t<img fetchpriority=\"high\" decoding=\"async\" width=\"764\" height=\"998\" src=\"https:\/\/dentince.net\/de\/wp-content\/uploads\/2024\/06\/dt-deniz-ince.png\" class=\"attachment-full size-full wp-image-965\" alt=\"\" srcset=\"https:\/\/dentince.net\/de\/wp-content\/uploads\/2024\/06\/dt-deniz-ince.png 764w, https:\/\/dentince.net\/de\/wp-content\/uploads\/2024\/06\/dt-deniz-ince-230x300.png 230w\" sizes=\"(max-width: 764px) 100vw, 764px\" \/>\t\t\t\t<\/a>\n\t\t\t\t\t\t\t\t\t\t<\/div>\n\t\t\t\t\t\t\t\t\t\t\t\t\t<div class=\"premium-blog-effect-container premium-blog-none-effect\">\n\t\t\t\t\t\t\t\t<a class=\"premium-blog-post-link\" href=\"https:\/\/dentince.net\/de\/msc-dt-deniz-ince\/\" target=\"_self\"><span>Msc. Dt. Deniz \u0130nce<\/span><\/a>\n\t\t\t\t\t\t\t\t\t\t\t\t\t\t\t<\/div>\n\t\t\t\t\t\t\t\t\t\t\t<\/div>\n\t\t\t\t\t\t\t\t\t\t\t\t<div class=\"premium-blog-content-wrapper \">\n\n\t\t\t\t\t<div class=\"premium-blog-inner-container\">\n\n\t\t\t\t\t\t\t\t\t\t\t\t\t\t<h1 class=\"premium-blog-entry-title\">\n\t\t\t<a href=\"https:\/\/dentince.net\/de\/msc-dt-deniz-ince\/\" target=\"_self\">\n\t\t\t\tMsc. Dt. Deniz \u0130nce\t\t\t<\/a>\n\t\t<\/h1>\n\t\t\t\t<div class=\"premium-blog-entry-meta\">\n\t\t\t\n\t\t\t\n\t\t\t\t\t\t\t<span class=\"premium-blog-meta-separator\">\u2022<\/span>\n\t\t\t\t<div class=\"premium-blog-post-categories premium-blog-meta-data\">\n\t\t\t\t\t<i class=\"fa fa-align-left fa-fw\" aria-hidden=\"true\"><\/i>\n\t\t\t\t\t<a href=\"https:\/\/dentince.net\/de\/category\/our-doctors\/\" rel=\"category tag\">Our Doctors<\/a>\t\t\t\t<\/div>\n\t\t\t\n\t\t\t\t\t<\/div>\n\t\t\n\t\t\t\t\t<\/div>\n\n\t\t\t\t\t\t\t\t\t\t\n\t\t\t\t<\/div>\n\t\t\t<\/div>\n\t\t<\/div>\n\n\t\t\t\t<div class=\"premium-blog-post-outer-container\" data-total=\"1\">\n\t\t\t<div class=\"premium-blog-post-container premium-blog-skin-modern\">\n\t\t\t\t\t\t\t\t\t<div class=\"premium-blog-thumb-effect-wrapper\">\n\t\t\t\t\t\t<div class=\"premium-blog-thumbnail-container premium-blog-zoomin-effect\">\n\t\t\t\t\t\t\t\t\t\t\t<a href=\"https:\/\/dentince.net\/de\/msc-dt-murat-ince\/\" target=\"_self\">\n\t\t\t\t<img decoding=\"async\" width=\"764\" height=\"998\" src=\"https:\/\/dentince.net\/de\/wp-content\/uploads\/2024\/06\/dr-murat-ince.png\" class=\"attachment-full size-full wp-image-969\" alt=\"\" srcset=\"https:\/\/dentince.net\/de\/wp-content\/uploads\/2024\/06\/dr-murat-ince.png 764w, https:\/\/dentince.net\/de\/wp-content\/uploads\/2024\/06\/dr-murat-ince-230x300.png 230w\" sizes=\"(max-width: 764px) 100vw, 764px\" \/>\t\t\t\t<\/a>\n\t\t\t\t\t\t\t\t\t\t<\/div>\n\t\t\t\t\t\t\t\t\t\t\t\t\t<div class=\"premium-blog-effect-container premium-blog-none-effect\">\n\t\t\t\t\t\t\t\t<a class=\"premium-blog-post-link\" href=\"https:\/\/dentince.net\/de\/msc-dt-murat-ince\/\" target=\"_self\"><span>Msc. Dt. Murat Ince<\/span><\/a>\n\t\t\t\t\t\t\t\t\t\t\t\t\t\t\t<\/div>\n\t\t\t\t\t\t\t\t\t\t\t<\/div>\n\t\t\t\t\t\t\t\t\t\t\t\t<div class=\"premium-blog-content-wrapper \">\n\n\t\t\t\t\t<div class=\"premium-blog-inner-container\">\n\n\t\t\t\t\t\t\t\t\t\t\t\t\t\t<h1 class=\"premium-blog-entry-title\">\n\t\t\t<a href=\"https:\/\/dentince.net\/de\/msc-dt-murat-ince\/\" target=\"_self\">\n\t\t\t\tMsc. Dt. Murat Ince\t\t\t<\/a>\n\t\t<\/h1>\n\t\t\t\t<div class=\"premium-blog-entry-meta\">\n\t\t\t\n\t\t\t\n\t\t\t\t\t\t\t<span class=\"premium-blog-meta-separator\">\u2022<\/span>\n\t\t\t\t<div class=\"premium-blog-post-categories premium-blog-meta-data\">\n\t\t\t\t\t<i class=\"fa fa-align-left fa-fw\" aria-hidden=\"true\"><\/i>\n\t\t\t\t\t<a href=\"https:\/\/dentince.net\/de\/category\/our-doctors\/\" rel=\"category tag\">Our Doctors<\/a>\t\t\t\t<\/div>\n\t\t\t\n\t\t\t\t\t<\/div>\n\t\t\n\t\t\t\t\t<\/div>\n\n\t\t\t\t\t\t\t\t\t\t\n\t\t\t\t<\/div>\n\t\t\t<\/div>\n\t\t<\/div>\n\n\t\t\t\t<div class=\"premium-blog-post-outer-container\" data-total=\"1\">\n\t\t\t<div class=\"premium-blog-post-container premium-blog-skin-modern\">\n\t\t\t\t\t\t\t\t\t<div class=\"premium-blog-thumb-effect-wrapper\">\n\t\t\t\t\t\t<div class=\"premium-blog-thumbnail-container premium-blog-zoomin-effect\">\n\t\t\t\t\t\t\t\t\t\t\t<a href=\"https:\/\/dentince.net\/de\/dt-aslihan-aksungur-erkul\/\" target=\"_self\">\n\t\t\t\t<img decoding=\"async\" width=\"764\" height=\"998\" src=\"https:\/\/dentince.net\/de\/wp-content\/uploads\/2024\/07\/dr-aslihan-aksungur-erkul.jpg\" class=\"attachment-full size-full wp-image-3155\" alt=\"\" srcset=\"https:\/\/dentince.net\/de\/wp-content\/uploads\/2024\/07\/dr-aslihan-aksungur-erkul.jpg 764w, https:\/\/dentince.net\/de\/wp-content\/uploads\/2024\/07\/dr-aslihan-aksungur-erkul-230x300.jpg 230w\" sizes=\"(max-width: 764px) 100vw, 764px\" \/>\t\t\t\t<\/a>\n\t\t\t\t\t\t\t\t\t\t<\/div>\n\t\t\t\t\t\t\t\t\t\t\t\t\t<div class=\"premium-blog-effect-container premium-blog-none-effect\">\n\t\t\t\t\t\t\t\t<a class=\"premium-blog-post-link\" href=\"https:\/\/dentince.net\/de\/dt-aslihan-aksungur-erkul\/\" target=\"_self\"><span>Dt. Asl\u0131han Aksungar<\/span><\/a>\n\t\t\t\t\t\t\t\t\t\t\t\t\t\t\t<\/div>\n\t\t\t\t\t\t\t\t\t\t\t<\/div>\n\t\t\t\t\t\t\t\t\t\t\t\t<div class=\"premium-blog-content-wrapper \">\n\n\t\t\t\t\t<div class=\"premium-blog-inner-container\">\n\n\t\t\t\t\t\t\t\t\t\t\t\t\t\t<h1 class=\"premium-blog-entry-title\">\n\t\t\t<a href=\"https:\/\/dentince.net\/de\/dt-aslihan-aksungur-erkul\/\" target=\"_self\">\n\t\t\t\tDt. Asl\u0131han Aksungar\t\t\t<\/a>\n\t\t<\/h1>\n\t\t\t\t<div class=\"premium-blog-entry-meta\">\n\t\t\t\n\t\t\t\n\t\t\t\t\t\t\t<span class=\"premium-blog-meta-separator\">\u2022<\/span>\n\t\t\t\t<div class=\"premium-blog-post-categories premium-blog-meta-data\">\n\t\t\t\t\t<i class=\"fa fa-align-left fa-fw\" aria-hidden=\"true\"><\/i>\n\t\t\t\t\t<a href=\"https:\/\/dentince.net\/de\/category\/our-doctors\/\" rel=\"category tag\">Our Doctors<\/a>\t\t\t\t<\/div>\n\t\t\t\n\t\t\t\t\t<\/div>\n\t\t\n\t\t\t\t\t<\/div>\n\n\t\t\t\t\t\t\t\t\t\t\n\t\t\t\t<\/div>\n\t\t\t<\/div>\n\t\t<\/div>\n\n\t\t\t\t<div class=\"premium-blog-post-outer-container\" data-total=\"1\">\n\t\t\t<div class=\"premium-blog-post-container premium-blog-skin-modern\">\n\t\t\t\t\t\t\t\t\t<div class=\"premium-blog-thumb-effect-wrapper\">\n\t\t\t\t\t\t<div class=\"premium-blog-thumbnail-container premium-blog-zoomin-effect\">\n\t\t\t\t\t\t\t\t\t\t\t<a href=\"https:\/\/dentince.net\/de\/dt-seyma-kayaoglu\/\" target=\"_self\">\n\t\t\t\t<img loading=\"lazy\" decoding=\"async\" width=\"764\" height=\"998\" src=\"https:\/\/dentince.net\/de\/wp-content\/uploads\/2024\/06\/dt-seyma-dogan.png\" class=\"attachment-full size-full wp-image-974\" alt=\"\" srcset=\"https:\/\/dentince.net\/de\/wp-content\/uploads\/2024\/06\/dt-seyma-dogan.png 764w, https:\/\/dentince.net\/de\/wp-content\/uploads\/2024\/06\/dt-seyma-dogan-230x300.png 230w\" sizes=\"(max-width: 764px) 100vw, 764px\" \/>\t\t\t\t<\/a>\n\t\t\t\t\t\t\t\t\t\t<\/div>\n\t\t\t\t\t\t\t\t\t\t\t\t\t<div class=\"premium-blog-effect-container premium-blog-none-effect\">\n\t\t\t\t\t\t\t\t<a class=\"premium-blog-post-link\" href=\"https:\/\/dentince.net\/de\/dt-seyma-kayaoglu\/\" target=\"_self\"><span>Dt. \u015eeyma Kayao\u011flu<\/span><\/a>\n\t\t\t\t\t\t\t\t\t\t\t\t\t\t\t<\/div>\n\t\t\t\t\t\t\t\t\t\t\t<\/div>\n\t\t\t\t\t\t\t\t\t\t\t\t<div class=\"premium-blog-content-wrapper \">\n\n\t\t\t\t\t<div class=\"premium-blog-inner-container\">\n\n\t\t\t\t\t\t\t\t\t\t\t\t\t\t<h1 class=\"premium-blog-entry-title\">\n\t\t\t<a href=\"https:\/\/dentince.net\/de\/dt-seyma-kayaoglu\/\" target=\"_self\">\n\t\t\t\tDt. \u015eeyma Kayao\u011flu\t\t\t<\/a>\n\t\t<\/h1>\n\t\t\t\t<div class=\"premium-blog-entry-meta\">\n\t\t\t\n\t\t\t\n\t\t\t\t\t\t\t<span class=\"premium-blog-meta-separator\">\u2022<\/span>\n\t\t\t\t<div class=\"premium-blog-post-categories premium-blog-meta-data\">\n\t\t\t\t\t<i class=\"fa fa-align-left fa-fw\" aria-hidden=\"true\"><\/i>\n\t\t\t\t\t<a href=\"https:\/\/dentince.net\/de\/category\/our-doctors\/\" rel=\"category tag\">Our Doctors<\/a>\t\t\t\t<\/div>\n\t\t\t\n\t\t\t\t\t<\/div>\n\t\t\n\t\t\t\t\t<\/div>\n\n\t\t\t\t\t\t\t\t\t\t\n\t\t\t\t<\/div>\n\t\t\t<\/div>\n\t\t<\/div>\n\n\t\t\t\t<div class=\"premium-blog-post-outer-container\" data-total=\"1\">\n\t\t\t<div class=\"premium-blog-post-container premium-blog-skin-modern\">\n\t\t\t\t\t\t\t\t\t<div class=\"premium-blog-thumb-effect-wrapper\">\n\t\t\t\t\t\t<div class=\"premium-blog-thumbnail-container premium-blog-zoomin-effect\">\n\t\t\t\t\t\t\t\t\t\t\t<a href=\"https:\/\/dentince.net\/de\/dt-sevda-yetkin\/\" target=\"_self\">\n\t\t\t\t<img loading=\"lazy\" decoding=\"async\" width=\"764\" height=\"998\" src=\"https:\/\/dentince.net\/de\/wp-content\/uploads\/2024\/06\/dt-sevda-yetgin.png\" class=\"attachment-full size-full wp-image-975\" alt=\"\" srcset=\"https:\/\/dentince.net\/de\/wp-content\/uploads\/2024\/06\/dt-sevda-yetgin.png 764w, https:\/\/dentince.net\/de\/wp-content\/uploads\/2024\/06\/dt-sevda-yetgin-230x300.png 230w\" sizes=\"(max-width: 764px) 100vw, 764px\" \/>\t\t\t\t<\/a>\n\t\t\t\t\t\t\t\t\t\t<\/div>\n\t\t\t\t\t\t\t\t\t\t\t\t\t<div class=\"premium-blog-effect-container premium-blog-none-effect\">\n\t\t\t\t\t\t\t\t<a class=\"premium-blog-post-link\" href=\"https:\/\/dentince.net\/de\/dt-sevda-yetkin\/\" target=\"_self\"><span>Dt. Sevda Yetkin<\/span><\/a>\n\t\t\t\t\t\t\t\t\t\t\t\t\t\t\t<\/div>\n\t\t\t\t\t\t\t\t\t\t\t<\/div>\n\t\t\t\t\t\t\t\t\t\t\t\t<div class=\"premium-blog-content-wrapper \">\n\n\t\t\t\t\t<div class=\"premium-blog-inner-container\">\n\n\t\t\t\t\t\t\t\t\t\t\t\t\t\t<h1 class=\"premium-blog-entry-title\">\n\t\t\t<a href=\"https:\/\/dentince.net\/de\/dt-sevda-yetkin\/\" target=\"_self\">\n\t\t\t\tDt. Sevda Yetkin\t\t\t<\/a>\n\t\t<\/h1>\n\t\t\t\t<div class=\"premium-blog-entry-meta\">\n\t\t\t\n\t\t\t\n\t\t\t\t\t\t\t<span class=\"premium-blog-meta-separator\">\u2022<\/span>\n\t\t\t\t<div class=\"premium-blog-post-categories premium-blog-meta-data\">\n\t\t\t\t\t<i class=\"fa fa-align-left fa-fw\" aria-hidden=\"true\"><\/i>\n\t\t\t\t\t<a href=\"https:\/\/dentince.net\/de\/category\/our-doctors\/\" rel=\"category tag\">Our Doctors<\/a>\t\t\t\t<\/div>\n\t\t\t\n\t\t\t\t\t<\/div>\n\t\t\n\t\t\t\t\t<\/div>\n\n\t\t\t\t\t\t\t\t\t\t\n\t\t\t\t<\/div>\n\t\t\t<\/div>\n\t\t<\/div>\n\n\t\t\t\t<div class=\"premium-blog-post-outer-container\" data-total=\"1\">\n\t\t\t<div class=\"premium-blog-post-container premium-blog-skin-modern\">\n\t\t\t\t\t\t\t\t\t<div class=\"premium-blog-thumb-effect-wrapper\">\n\t\t\t\t\t\t<div class=\"premium-blog-thumbnail-container premium-blog-zoomin-effect\">\n\t\t\t\t\t\t\t\t\t\t\t<a href=\"https:\/\/dentince.net\/de\/dt-bilge-erdogan\/\" target=\"_self\">\n\t\t\t\t<img loading=\"lazy\" decoding=\"async\" width=\"764\" height=\"998\" src=\"https:\/\/dentince.net\/de\/wp-content\/uploads\/2024\/06\/dt-bilge-erdogan.jpg\" class=\"attachment-full size-full wp-image-976\" alt=\"\" srcset=\"https:\/\/dentince.net\/de\/wp-content\/uploads\/2024\/06\/dt-bilge-erdogan.jpg 764w, https:\/\/dentince.net\/de\/wp-content\/uploads\/2024\/06\/dt-bilge-erdogan-230x300.jpg 230w\" sizes=\"(max-width: 764px) 100vw, 764px\" \/>\t\t\t\t<\/a>\n\t\t\t\t\t\t\t\t\t\t<\/div>\n\t\t\t\t\t\t\t\t\t\t\t\t\t<div class=\"premium-blog-effect-container premium-blog-none-effect\">\n\t\t\t\t\t\t\t\t<a class=\"premium-blog-post-link\" href=\"https:\/\/dentince.net\/de\/dt-bilge-erdogan\/\" target=\"_self\"><span>Dt. Bilge Erdo\u011fan<\/span><\/a>\n\t\t\t\t\t\t\t\t\t\t\t\t\t\t\t<\/div>\n\t\t\t\t\t\t\t\t\t\t\t<\/div>\n\t\t\t\t\t\t\t\t\t\t\t\t<div class=\"premium-blog-content-wrapper \">\n\n\t\t\t\t\t<div class=\"premium-blog-inner-container\">\n\n\t\t\t\t\t\t\t\t\t\t\t\t\t\t<h1 class=\"premium-blog-entry-title\">\n\t\t\t<a href=\"https:\/\/dentince.net\/de\/dt-bilge-erdogan\/\" target=\"_self\">\n\t\t\t\tDt. Bilge Erdo\u011fan\t\t\t<\/a>\n\t\t<\/h1>\n\t\t\t\t<div class=\"premium-blog-entry-meta\">\n\t\t\t\n\t\t\t\n\t\t\t\t\t\t\t<span class=\"premium-blog-meta-separator\">\u2022<\/span>\n\t\t\t\t<div class=\"premium-blog-post-categories premium-blog-meta-data\">\n\t\t\t\t\t<i class=\"fa fa-align-left fa-fw\" aria-hidden=\"true\"><\/i>\n\t\t\t\t\t<a href=\"https:\/\/dentince.net\/de\/category\/our-doctors\/\" rel=\"category tag\">Our Doctors<\/a>\t\t\t\t<\/div>\n\t\t\t\n\t\t\t\t\t<\/div>\n\t\t\n\t\t\t\t\t<\/div>\n\n\t\t\t\t\t\t\t\t\t\t\n\t\t\t\t<\/div>\n\t\t\t<\/div>\n\t\t<\/div>\n\n\t\t\t\t<div class=\"premium-blog-post-outer-container\" data-total=\"1\">\n\t\t\t<div class=\"premium-blog-post-container premium-blog-skin-modern\">\n\t\t\t\t\t\t\t\t\t<div class=\"premium-blog-thumb-effect-wrapper\">\n\t\t\t\t\t\t<div class=\"premium-blog-thumbnail-container premium-blog-zoomin-effect\">\n\t\t\t\t\t\t\t\t\t\t\t<a href=\"https:\/\/dentince.net\/de\/dt-burak-kilic\/\" target=\"_self\">\n\t\t\t\t<img loading=\"lazy\" decoding=\"async\" width=\"764\" height=\"998\" src=\"https:\/\/dentince.net\/de\/wp-content\/uploads\/2025\/01\/Dt.-Burak-Kilic.jpg\" class=\"attachment-full size-full wp-image-3569\" alt=\"\" srcset=\"https:\/\/dentince.net\/de\/wp-content\/uploads\/2025\/01\/Dt.-Burak-Kilic.jpg 764w, https:\/\/dentince.net\/de\/wp-content\/uploads\/2025\/01\/Dt.-Burak-Kilic-230x300.jpg 230w\" sizes=\"(max-width: 764px) 100vw, 764px\" \/>\t\t\t\t<\/a>\n\t\t\t\t\t\t\t\t\t\t<\/div>\n\t\t\t\t\t\t\t\t\t\t\t\t\t<div class=\"premium-blog-effect-container premium-blog-none-effect\">\n\t\t\t\t\t\t\t\t<a class=\"premium-blog-post-link\" href=\"https:\/\/dentince.net\/de\/dt-burak-kilic\/\" target=\"_self\"><span>Dt. Burak K\u0131l\u0131\u00e7<\/span><\/a>\n\t\t\t\t\t\t\t\t\t\t\t\t\t\t\t<\/div>\n\t\t\t\t\t\t\t\t\t\t\t<\/div>\n\t\t\t\t\t\t\t\t\t\t\t\t<div class=\"premium-blog-content-wrapper \">\n\n\t\t\t\t\t<div class=\"premium-blog-inner-container\">\n\n\t\t\t\t\t\t\t\t\t\t\t\t\t\t<h1 class=\"premium-blog-entry-title\">\n\t\t\t<a href=\"https:\/\/dentince.net\/de\/dt-burak-kilic\/\" target=\"_self\">\n\t\t\t\tDt. Burak K\u0131l\u0131\u00e7\t\t\t<\/a>\n\t\t<\/h1>\n\t\t\t\t<div class=\"premium-blog-entry-meta\">\n\t\t\t\n\t\t\t\n\t\t\t\t\t\t\t<span class=\"premium-blog-meta-separator\">\u2022<\/span>\n\t\t\t\t<div class=\"premium-blog-post-categories premium-blog-meta-data\">\n\t\t\t\t\t<i class=\"fa fa-align-left fa-fw\" aria-hidden=\"true\"><\/i>\n\t\t\t\t\t<a href=\"https:\/\/dentince.net\/de\/category\/our-doctors\/\" rel=\"category tag\">Our Doctors<\/a>\t\t\t\t<\/div>\n\t\t\t\n\t\t\t\t\t<\/div>\n\t\t\n\t\t\t\t\t<\/div>\n\n\t\t\t\t\t\t\t\t\t\t\n\t\t\t\t<\/div>\n\t\t\t<\/div>\n\t\t<\/div>\n\n\t\t\t\t\t\t\t<\/div>\n\n\t\t\n\t\t\n\t\t\t\t\t\t<\/div>\n\t\t\t\t<\/div>\n\t\t\t\t\t<\/div>\n\t\t\t\t<\/div>\n\t\t\t\t<\/div>\n\t\t","protected":false},"excerpt":{"rendered":"<p>Unsere \u00c4rzte Msc. Dt. Deniz \u0130nce Msc. Dt. Deniz \u0130nce \u2022 Our Doctors Msc. Dt. Murat Ince Msc. Dt. Murat Ince \u2022 Our Doctors Dt. Asl\u0131han Aksungar Dt. Asl\u0131han Aksungar \u2022 Our Doctors Dt. \u015eeyma Kayao\u011flu Dt. \u015eeyma Kayao\u011flu \u2022 Our Doctors Dt. Sevda Yetkin Dt. Sevda Yetkin \u2022 Our Doctors Dt. Bilge Erdo\u011fan Dt. [&hellip;]<\/p>\n","protected":false},"author":3,"featured_media":0,"parent":0,"menu_order":0,"comment_status":"closed","ping_status":"closed","template":"","meta":{"footnotes":""},"class_list":["post-124","page","type-page","status-publish","hentry"],"yoast_head":"<!-- This site is optimized with the Yoast SEO plugin v23.3 - https:\/\/yoast.com\/wordpress\/plugins\/seo\/ -->\n<title>Unsere \u00c4rzte - Dentince Zahnklinik Istanbul T\u00fcrkei<\/title>\n<meta name=\"robots\" content=\"index, follow, max-snippet:-1, max-image-preview:large, max-video-preview:-1\" \/>\n<link rel=\"canonical\" href=\"https:\/\/dentince.net\/de\/unsere-arzte\/\" \/>\n<meta property=\"og:locale\" content=\"de_DE\" \/>\n<meta property=\"og:type\" content=\"article\" \/>\n<meta property=\"og:title\" content=\"Unsere \u00c4rzte - Dentince Zahnklinik Istanbul T\u00fcrkei\" \/>\n<meta property=\"og:description\" content=\"Unsere \u00c4rzte Msc. Dt. Deniz \u0130nce Msc. Dt. Deniz \u0130nce \u2022 Our Doctors Msc. Dt. Murat Ince Msc. Dt. Murat Ince \u2022 Our Doctors Dt. Asl\u0131han Aksungar Dt. Asl\u0131han Aksungar \u2022 Our Doctors Dt. \u015eeyma Kayao\u011flu Dt. \u015eeyma Kayao\u011flu \u2022 Our Doctors Dt. Sevda Yetkin Dt. Sevda Yetkin \u2022 Our Doctors Dt. Bilge Erdo\u011fan Dt. [&hellip;]\" \/>\n<meta property=\"og:url\" content=\"https:\/\/dentince.net\/de\/unsere-arzte\/\" \/>\n<meta property=\"og:site_name\" content=\"Dentince Zahnklinik Istanbul T\u00fcrkei\" \/>\n<meta property=\"article:modified_time\" content=\"2025-01-27T18:06:06+00:00\" \/>\n<meta property=\"og:image\" content=\"https:\/\/dentince.net\/de\/wp-content\/uploads\/2024\/06\/dt-deniz-ince.png\" \/>\n<meta name=\"twitter:card\" content=\"summary_large_image\" \/>\n<meta name=\"twitter:label1\" content=\"Gesch\u00e4tzte Lesezeit\" \/>\n\t<meta name=\"twitter:data1\" content=\"2\u00a0Minuten\" \/>\n<script type=\"application\/ld+json\" class=\"yoast-schema-graph\">{\"@context\":\"https:\/\/schema.org\",\"@graph\":[{\"@type\":\"WebPage\",\"@id\":\"https:\/\/dentince.net\/de\/unsere-arzte\/\",\"url\":\"https:\/\/dentince.net\/de\/unsere-arzte\/\",\"name\":\"Unsere \u00c4rzte - Dentince Zahnklinik Istanbul T\u00fcrkei\",\"isPartOf\":{\"@id\":\"https:\/\/dentince.net\/de\/#website\"},\"primaryImageOfPage\":{\"@id\":\"https:\/\/dentince.net\/de\/unsere-arzte\/#primaryimage\"},\"image\":{\"@id\":\"https:\/\/dentince.net\/de\/unsere-arzte\/#primaryimage\"},\"thumbnailUrl\":\"https:\/\/dentince.net\/de\/wp-content\/uploads\/2024\/06\/dt-deniz-ince.png\",\"datePublished\":\"2024-05-27T15:54:37+00:00\",\"dateModified\":\"2025-01-27T18:06:06+00:00\",\"breadcrumb\":{\"@id\":\"https:\/\/dentince.net\/de\/unsere-arzte\/#breadcrumb\"},\"inLanguage\":\"de\",\"potentialAction\":[{\"@type\":\"ReadAction\",\"target\":[\"https:\/\/dentince.net\/de\/unsere-arzte\/\"]}]},{\"@type\":\"ImageObject\",\"inLanguage\":\"de\",\"@id\":\"https:\/\/dentince.net\/de\/unsere-arzte\/#primaryimage\",\"url\":\"https:\/\/dentince.net\/de\/wp-content\/uploads\/2024\/06\/dt-deniz-ince.png\",\"contentUrl\":\"https:\/\/dentince.net\/de\/wp-content\/uploads\/2024\/06\/dt-deniz-ince.png\",\"width\":764,\"height\":998},{\"@type\":\"BreadcrumbList\",\"@id\":\"https:\/\/dentince.net\/de\/unsere-arzte\/#breadcrumb\",\"itemListElement\":[{\"@type\":\"ListItem\",\"position\":1,\"name\":\"Home\",\"item\":\"https:\/\/dentince.net\/de\/\"},{\"@type\":\"ListItem\",\"position\":2,\"name\":\"Unsere \u00c4rzte\"}]},{\"@type\":\"WebSite\",\"@id\":\"https:\/\/dentince.net\/de\/#website\",\"url\":\"https:\/\/dentince.net\/de\/\",\"name\":\"Dentince Zahnklinik Istanbul T\u00fcrkei\",\"description\":\"\",\"publisher\":{\"@id\":\"https:\/\/dentince.net\/de\/#organization\"},\"potentialAction\":[{\"@type\":\"SearchAction\",\"target\":{\"@type\":\"EntryPoint\",\"urlTemplate\":\"https:\/\/dentince.net\/de\/?s={search_term_string}\"},\"query-input\":\"required name=search_term_string\"}],\"inLanguage\":\"de\"},{\"@type\":\"Organization\",\"@id\":\"https:\/\/dentince.net\/de\/#organization\",\"name\":\"Dentince Zahnklinik Istanbul T\u00fcrkei\",\"url\":\"https:\/\/dentince.net\/de\/\",\"logo\":{\"@type\":\"ImageObject\",\"inLanguage\":\"de\",\"@id\":\"https:\/\/dentince.net\/de\/#\/schema\/logo\/image\/\",\"url\":\"https:\/\/dentince.net\/de\/wp-content\/uploads\/2024\/04\/dentince-logo.png\",\"contentUrl\":\"https:\/\/dentince.net\/de\/wp-content\/uploads\/2024\/04\/dentince-logo.png\",\"width\":1179,\"height\":375,\"caption\":\"Dentince Zahnklinik Istanbul T\u00fcrkei\"},\"image\":{\"@id\":\"https:\/\/dentince.net\/de\/#\/schema\/logo\/image\/\"}}]}<\/script>\n<!-- \/ Yoast SEO plugin. -->","yoast_head_json":{"title":"Unsere \u00c4rzte - Dentince Zahnklinik Istanbul T\u00fcrkei","robots":{"index":"index","follow":"follow","max-snippet":"max-snippet:-1","max-image-preview":"max-image-preview:large","max-video-preview":"max-video-preview:-1"},"canonical":"https:\/\/dentince.net\/de\/unsere-arzte\/","og_locale":"de_DE","og_type":"article","og_title":"Unsere \u00c4rzte - Dentince Zahnklinik Istanbul T\u00fcrkei","og_description":"Unsere \u00c4rzte Msc. Dt. Deniz \u0130nce Msc. Dt. Deniz \u0130nce \u2022 Our Doctors Msc. Dt. Murat Ince Msc. Dt. Murat Ince \u2022 Our Doctors Dt. Asl\u0131han Aksungar Dt. Asl\u0131han Aksungar \u2022 Our Doctors Dt. \u015eeyma Kayao\u011flu Dt. \u015eeyma Kayao\u011flu \u2022 Our Doctors Dt. Sevda Yetkin Dt. Sevda Yetkin \u2022 Our Doctors Dt. Bilge Erdo\u011fan Dt. [&hellip;]","og_url":"https:\/\/dentince.net\/de\/unsere-arzte\/","og_site_name":"Dentince Zahnklinik Istanbul T\u00fcrkei","article_modified_time":"2025-01-27T18:06:06+00:00","og_image":[{"url":"https:\/\/dentince.net\/de\/wp-content\/uploads\/2024\/06\/dt-deniz-ince.png"}],"twitter_card":"summary_large_image","twitter_misc":{"Gesch\u00e4tzte Lesezeit":"2\u00a0Minuten"},"schema":{"@context":"https:\/\/schema.org","@graph":[{"@type":"WebPage","@id":"https:\/\/dentince.net\/de\/unsere-arzte\/","url":"https:\/\/dentince.net\/de\/unsere-arzte\/","name":"Unsere \u00c4rzte - Dentince Zahnklinik Istanbul T\u00fcrkei","isPartOf":{"@id":"https:\/\/dentince.net\/de\/#website"},"primaryImageOfPage":{"@id":"https:\/\/dentince.net\/de\/unsere-arzte\/#primaryimage"},"image":{"@id":"https:\/\/dentince.net\/de\/unsere-arzte\/#primaryimage"},"thumbnailUrl":"https:\/\/dentince.net\/de\/wp-content\/uploads\/2024\/06\/dt-deniz-ince.png","datePublished":"2024-05-27T15:54:37+00:00","dateModified":"2025-01-27T18:06:06+00:00","breadcrumb":{"@id":"https:\/\/dentince.net\/de\/unsere-arzte\/#breadcrumb"},"inLanguage":"de","potentialAction":[{"@type":"ReadAction","target":["https:\/\/dentince.net\/de\/unsere-arzte\/"]}]},{"@type":"ImageObject","inLanguage":"de","@id":"https:\/\/dentince.net\/de\/unsere-arzte\/#primaryimage","url":"https:\/\/dentince.net\/de\/wp-content\/uploads\/2024\/06\/dt-deniz-ince.png","contentUrl":"https:\/\/dentince.net\/de\/wp-content\/uploads\/2024\/06\/dt-deniz-ince.png","width":764,"height":998},{"@type":"BreadcrumbList","@id":"https:\/\/dentince.net\/de\/unsere-arzte\/#breadcrumb","itemListElement":[{"@type":"ListItem","position":1,"name":"Home","item":"https:\/\/dentince.net\/de\/"},{"@type":"ListItem","position":2,"name":"Unsere \u00c4rzte"}]},{"@type":"WebSite","@id":"https:\/\/dentince.net\/de\/#website","url":"https:\/\/dentince.net\/de\/","name":"Dentince Zahnklinik Istanbul T\u00fcrkei","description":"","publisher":{"@id":"https:\/\/dentince.net\/de\/#organization"},"potentialAction":[{"@type":"SearchAction","target":{"@type":"EntryPoint","urlTemplate":"https:\/\/dentince.net\/de\/?s={search_term_string}"},"query-input":"required name=search_term_string"}],"inLanguage":"de"},{"@type":"Organization","@id":"https:\/\/dentince.net\/de\/#organization","name":"Dentince Zahnklinik Istanbul T\u00fcrkei","url":"https:\/\/dentince.net\/de\/","logo":{"@type":"ImageObject","inLanguage":"de","@id":"https:\/\/dentince.net\/de\/#\/schema\/logo\/image\/","url":"https:\/\/dentince.net\/de\/wp-content\/uploads\/2024\/04\/dentince-logo.png","contentUrl":"https:\/\/dentince.net\/de\/wp-content\/uploads\/2024\/04\/dentince-logo.png","width":1179,"height":375,"caption":"Dentince Zahnklinik Istanbul T\u00fcrkei"},"image":{"@id":"https:\/\/dentince.net\/de\/#\/schema\/logo\/image\/"}}]}},"_links":{"self":[{"href":"https:\/\/dentince.net\/de\/wp-json\/wp\/v2\/pages\/124","targetHints":{"allow":["GET"]}}],"collection":[{"href":"https:\/\/dentince.net\/de\/wp-json\/wp\/v2\/pages"}],"about":[{"href":"https:\/\/dentince.net\/de\/wp-json\/wp\/v2\/types\/page"}],"author":[{"embeddable":true,"href":"https:\/\/dentince.net\/de\/wp-json\/wp\/v2\/users\/3"}],"replies":[{"embeddable":true,"href":"https:\/\/dentince.net\/de\/wp-json\/wp\/v2\/comments?post=124"}],"version-history":[{"count":35,"href":"https:\/\/dentince.net\/de\/wp-json\/wp\/v2\/pages\/124\/revisions"}],"predecessor-version":[{"id":3579,"href":"https:\/\/dentince.net\/de\/wp-json\/wp\/v2\/pages\/124\/revisions\/3579"}],"wp:attachment":[{"href":"https:\/\/dentince.net\/de\/wp-json\/wp\/v2\/media?parent=124"}],"curies":[{"name":"wp","href":"https:\/\/api.w.org\/{rel}","templated":true}]}}